{"id":2,"date":"2010-11-14T21:34:32","date_gmt":"2010-11-14T21:34:32","guid":{"rendered":"http:\/\/www.jcm-animation.de\/?page_id=2"},"modified":"2018-05-28T18:53:00","modified_gmt":"2018-05-28T18:53:00","slug":"eine-seite","status":"publish","type":"page","link":"https:\/\/www.jcm-animation.de\/?page_id=2","title":{"rendered":"Impressum und Datenschutz"},"content":{"rendered":"<p>Verantwortlich f\u00fcr den Inhalt dieser Seiten:<\/p>\n<p><strong>JCM Animation<\/strong><br \/>\nJens C. M\u00f6ller<br \/>\nRutschbahn 11<br \/>\n20146 Hamburg<\/p>\n<p>Telefon: 0151 &#8211; 6123 0862<br \/>\neMail: jens.moeller@jcm-animation.de<br \/>\nSteuernummer: 42\/163\/03267<\/p>\n<p><strong>Copyright <\/strong><\/p>\n<p>Alle Daten dieser Website genie\u00dfen urheberrechtlichen Schutz. Jede Bearbeitung, Vervielf\u00e4ltigung, Verbreitung und\/oder \u00f6ffentliche Wiedergabe, stellt einen Urheberrechtsversto\u00df dar, der strafrechtlich verfolgt werden und zum Schadensersatz verpflichten kann.<\/p>\n<p><strong>Haftungsauschluss <\/strong><\/p>\n<p>F\u00fcr den Inhalt von Angeboten, zu denen eine Verbindung per Link m\u00f6glich ist, und die nicht von JCM Animation stammen, wird keine Verantwortlichkeit und Haftung \u00fcbernommen. F\u00fcr den Inhalt der verlinkten Seiten sind ausschlie\u00dflich deren Betreiber verantwortlich.<\/p>\n<div id=\"page\">\n<div id=\"page-content\" class=\"no-navigation\">\n<div id=\"main\">\n<div id=\"main-content\">\n<div class=\"article\">\n<div class=\"article-content\">\n<div class=\"RichTextElement\">\n<div>\n<p><strong>Datenschutz<\/strong><\/p>\n<p>Beim Besuch meiner Seite erhebe ich keine personenbezogenen Daten ohne Ihre Einwilligung, soweit dies nicht f\u00fcr die Bereitstellung der Seite erforderlich oder anderweitig gesetzlich zugelassen ist.<\/p>\n<p>Beim Besuch meines Internetangebotes werden automatisch die aktuell von Ihrem PC verwendete IP-Adresse, Datum und Uhrzeit, der Browsertyp und das Betriebssystem Ihres PC sowie die von Ihnen betrachteten Seiten protokolliert. R\u00fcckschl\u00fcsse auf personenbezogene Daten sind mir damit jedoch nicht m\u00f6glich und auch nicht beabsichtigt. Ich erfassen anonymisierte Informationen \u00fcber das Verhalten der Besucher dieser Seite mit Google-Analytics. Sofern Sie dies nicht w\u00fcnschen, k\u00f6nnen Sie diese Funktionalit\u00e4t durch das Befolgen der Anweisungen auf dieser <a href=\"http:\/\/tools.google.com\/dlpage\/gaoptout\" target=\"_blank\" rel=\"noopener\">Seite<\/a> deaktivieren.&nbsp;<\/p>\n<p>Bei Anbahnung, Abschluss, Abwicklung und R\u00fcckabwicklung eines Auftragsverh\u00e4ltnisses werden von mir Daten im Rahmen der gesetzlichen Bestimmungen erhoben, gespeichert und verarbeitet.<\/p>\n<p>Die personenbezogenen Daten, die Sie mir z. B. bei einer Anfrage oder per E-Mail mitteilen (z. B. Ihr Name und Ihre Kontaktdaten), werden nur zur Korrespondenz mit Ihnen und nur f\u00fcr den Zweck verarbeitet, zu dem Sie mir die Daten zur Verf\u00fcgung gestellt haben. Ich geben Ihre Daten nur an das mit der Lieferung beauftragte Versandunternehmen weiter, soweit dies zur Lieferung von Waren notwendig ist. Zur Abwicklung von Zahlungen geben ich Ihre Zahlungsdaten an das mit der Zahlung beauftragte Kreditinstitut weiter.<\/p>\n<p>Ich versichere, dass ich Ihre personenbezogenen Daten im \u00dcbrigen nicht an Dritte weitergebe, es sei denn, dass ich dazu gesetzlich verpflichtet w\u00e4re oder Sie vorher ausdr\u00fccklich eingewilligt haben. Soweit ich zur Durchf\u00fchrung und Abwicklung von Verarbeitungsprozessen Dienstleistungen Dritter in Anspruch nehme, werden die Bestimmungen des Bundesdatenschutzgesetzes eingehalten.<\/p>\n<p>Ich sichere meine Website und sonstige Systeme durch technische und organisatorische Ma\u00dfnahmen gegen Verlust, Zerst\u00f6rung, Zugriff, Ver\u00e4nderung oder Verbreitung Ihrer Daten durch unbefugte Personen. Trotz regelm\u00e4\u00dfiger Kontrollen ist ein vollst\u00e4ndiger Schutz gegen alle Gefahren jedoch nicht m\u00f6glich.<\/p>\n<p><strong>Dauer der Speicherung<\/strong><\/p>\n<p>Personenbezogene Daten, die mir \u00fcber meine Website mitgeteilt worden sind, werden nur so lange gespeichert, bis der Zweck erf\u00fcllt ist, zu dem sie mir anvertraut wurden. Soweit handels- und steuerrechtliche Aufbewahrungsfristen zu beachten sind, kann die Dauer der Speicherung bestimmter Daten bis zu 10 Jahre betragen.<\/p>\n<p><strong>Ihre Rechte<\/strong><\/p>\n<p>Sollten Sie mit der Speicherung Ihrer personenbezogenen Daten nicht mehr einverstanden oder diese unrichtig geworden sein, werden ich auf eine entsprechende Weisung hin im Rahmen der gesetzlichen Bestimmungen die L\u00f6schung, Korrektur oder Sperrung Ihrer Daten veranlassen. Auf Wunsch erhalten Sie unentgeltlich Auskunft \u00fcber alle personenbezogenen Daten, die ich \u00fcber Sie gespeichert haben. Bei Fragen zur Erhebung, Verarbeitung oder Nutzung Ihrer personenbezogenen Daten, f\u00fcr Ausk\u00fcnfte, Berichtigung, Sperrung oder L\u00f6schung von Daten wenden sich bitte an mich:<\/p>\n<p>Jens C. M\u00f6ller<br \/>\nRutschbahn 11<br \/>\n20146 Hamburg<br \/>\nTelefon: 0151 &#8211; 6123 0862<br \/>\neMail: jens.moeller@jcm-animation.de<\/p>\n<p><strong>Links auf andere Internetseiten<\/strong><\/p>\n<p>Soweit ich von meinem Internetangebot auf die Webseiten Dritter verweisen oder verlinken, kann ich keine Gew\u00e4hr und Haftung f\u00fcr die Richtigkeit bzw. Vollst\u00e4ndigkeit der Inhalte und die Datensicherheit dieser Websites \u00fcbernehmen. Da ich keinen Einfluss auf die Einhaltung datenschutzrechtlicher Bestimmungen durch Dritte habe, sollten Sie die jeweils angebotenen Datenschutzerkl\u00e4rungen gesondert pr\u00fcfen.<\/p>\n<p><strong>Viren<\/strong><\/p>\n<p>JCM gew\u00e4hrleistet keine Virenfreiheit, auch wenn h\u00f6chst sorgf\u00e4ltig an der Vermeidung und Beseitigung von Viren gearbeitet wird. Vor dem Herunterladen von Informationen und Software ist der Nutzer zum eigenen Schutz aufgefordert, zur Verhinderung von Viren f\u00fcr angemessene Sicherheitsvorrichtungen und Virenscanner zu sorgen.<\/p>\n<p><strong>Pflichten des Nutzers<\/strong><\/p>\n<p>Auf die folgenden Pflichten wird nur deklaratorisch hingewiesen. Sie sind nicht abschlie\u00dfend:<\/p>\n<p>Bei Benutzung dieser Webseite darf der Nutzer weder anderen Personen Schaden zuf\u00fcgen, deren Pers\u00f6nlichkeitsrechte verletzen noch deren gewerbliche Schutz- und Urheberrechte oder sonstige Eigentumsrechte beeintr\u00e4chtigen. Die \u00dcbermittlung von Inhalten mit Viren, sog. Trojanischen Pferden oder sonstigen Programmierungen, die Software besch\u00e4digen k\u00f6nnen, sind untersagt, ebenso wie das Verbreiten von Werbung, unaufgeforderter E-Mails (sogenannten &#8222;Spam&#8220;) oder unzutreffender Warnungen vor Viren, Fehlfunktionen und dergleichen. Der Nutzer darf mit seinem Nutzungsverhalten nicht gegen die guten Sitten versto\u00dfen.<\/p>\n<p>Wenn Nutzer von au\u00dferhalb Deutschlands auf diese Webseite zugreifen, sind sie ausschlie\u00dflich selbst f\u00fcr die Einhaltung der nach dem jeweiligen Landesrecht einschl\u00e4gigen Vorschriften verantwortlich. Der Zugang zu den Publikationen und der Software auf dieser Webseite aus L\u00e4ndern, in denen dieser Zugang rechtswidrig ist, ist nicht gestattet.<\/p>\n<p><strong>Nebenabreden<\/strong><\/p>\n<p>Nebenabreden bed\u00fcrfen der Schriftform.<\/p>\n<p><strong>Salvatorische Klausel<\/strong><\/p>\n<p>F\u00fcr den Fall, dass irgendeine dieser Nutzungsbedingungen geltende Gesetze verletzt oder anderweitig ung\u00fcltig, rechtswidrig oder nicht durchsetzbar ist, bleiben alle anderen Bestimmungen ungeachtet dieser Teilnichtigkeit g\u00fcltig und verbindlich.<\/p>\n<p><strong>Anwendbares Recht<\/strong><\/p>\n<p>Es gilt deutsches Recht unter Ausschluss des UN-Kaufrechts.<\/p>\n<p>Gerichtsstand ist Hamburg.<\/p>\n<\/div>\n<\/div>\n<\/div>\n<\/div>\n<\/div>\n<\/div>\n<\/div>\n<\/div>\n","protected":false},"excerpt":{"rendered":"<p>Verantwortlich f\u00fcr den Inhalt dieser Seiten: JCM Animation Jens C. M\u00f6ller Rutschbahn 11 20146 Hamburg Telefon: 0151 &#8211; 6123 0862 eMail: jens.moeller@jcm-animation.de Steuernummer: 42\/163\/03267 Copyright Alle Daten dieser Website genie\u00dfen urheberrechtlichen Schutz. Jede Bearbeitung, Vervielf\u00e4ltigung, Verbreitung und\/oder \u00f6ffentliche Wiedergabe, stellt einen Urheberrechtsversto\u00df dar, der strafrechtlich verfolgt werden und zum Schadensersatz verpflichten kann. Haftungsauschluss F\u00fcr den &hellip; <\/p>\n<p class=\"link-more\"><a href=\"https:\/\/www.jcm-animation.de\/?page_id=2\" class=\"more-link\"><span class=\"screen-reader-text\">\u201eImpressum und Datenschutz\u201c<\/span> weiterlesen<\/a><\/p>\n","protected":false},"author":1,"featured_media":0,"parent":0,"menu_order":4,"comment_status":"closed","ping_status":"closed","template":"","meta":{"ngg_post_thumbnail":0,"footnotes":""},"class_list":["post-2","page","type-page","status-publish","hentry"],"_links":{"self":[{"href":"https:\/\/www.jcm-animation.de\/index.php?rest_route=\/wp\/v2\/pages\/2","targetHints":{"allow":["GET"]}}],"collection":[{"href":"https:\/\/www.jcm-animation.de\/index.php?rest_route=\/wp\/v2\/pages"}],"about":[{"href":"https:\/\/www.jcm-animation.de\/index.php?rest_route=\/wp\/v2\/types\/page"}],"author":[{"embeddable":true,"href":"https:\/\/www.jcm-animation.de\/index.php?rest_route=\/wp\/v2\/users\/1"}],"replies":[{"embeddable":true,"href":"https:\/\/www.jcm-animation.de\/index.php?rest_route=%2Fwp%2Fv2%2Fcomments&post=2"}],"version-history":[{"count":18,"href":"https:\/\/www.jcm-animation.de\/index.php?rest_route=\/wp\/v2\/pages\/2\/revisions"}],"predecessor-version":[{"id":610,"href":"https:\/\/www.jcm-animation.de\/index.php?rest_route=\/wp\/v2\/pages\/2\/revisions\/610"}],"wp:attachment":[{"href":"https:\/\/www.jcm-animation.de\/index.php?rest_route=%2Fwp%2Fv2%2Fmedia&parent=2"}],"curies":[{"name":"wp","href":"https:\/\/api.w.org\/{rel}","templated":true}]}}